{"id":12,"date":"2021-01-19T09:16:39","date_gmt":"2021-01-19T09:16:39","guid":{"rendered":"https:\/\/legalwebdesign.xyz\/eastbay\/?page_id=12"},"modified":"2021-04-01T20:29:40","modified_gmt":"2021-04-02T04:29:40","slug":"practice-areas","status":"publish","type":"page","link":"https:\/\/www.eastbaydefense.com\/es\/practice-areas\/","title":{"rendered":"Areas de pr\u00e1ctica"},"content":{"rendered":"<h3>Defensa criminal<\/h3>\n<p>Si la polic\u00eda lo interroga, d\u00edgales que no desea hablar con ellos hasta que haya hablado con un abogado. P\u00f3ngase en contacto con un abogado defensor penal con experiencia.<br \/>\nAlanna D. Coopersmith representa a personas acusadas de una variedad de actividades delictivas. Ella tiene el conocimiento y la diligencia para buscar una defensa agresiva, ya sea a trav\u00e9s de mociones previas al juicio, juicio o un acuerdo de declaraci\u00f3n de culpabilidad, y lo mantiene informado e involucrado en su defensa en cada etapa.<\/p>\n<h3>Apelaciones penales<\/h3>\n<p><img decoding=\"async\" class=\"size-full wp-image-50 alignright\" src=\"http:\/\/www.eastbaydefense.com\/wp-content\/uploads\/2021\/01\/Criminal_Appeals.jpg\" alt=\"Law\" width=\"250\" height=\"162\" srcset=\"https:\/\/www.eastbaydefense.com\/wp-content\/uploads\/2021\/01\/Criminal_Appeals.jpg 250w, https:\/\/www.eastbaydefense.com\/wp-content\/uploads\/2021\/01\/Criminal_Appeals.avif 250w\" sizes=\"(max-width: 250px) 100vw, 250px\" \/><br \/>\nLa importancia de conseguir el mejor abogado que pueda inicialmente no se puede enfatizar lo suficiente. Pero a veces, incluso si lo hace, obtiene una condena o un castigo que no siente que se merece. Puede haber muchas razones. Debe presentar una notificaci\u00f3n de apelaci\u00f3n de inmediato. Una apelaci\u00f3n penal es t\u00e9cnica y espec\u00edfica a los hechos. Debe consultar a un abogado defensor criminal que se especialice en apelaciones para que le informe sobre las cuestiones que puede plantear en la apelaci\u00f3n. Alanna Coopersmith tiene experiencia en apelaciones penales. Adem\u00e1s, su vida anterior como litigante comercial le brinda una experiencia en las herramientas de defensa escrita que no poseen muchos abogados defensores penales.<\/p>\n<h3>Conducir en estado de ebriedad o DUI<\/h3>\n<p>La defensa contra los cargos por conducir bajo los efectos del alcohol requiere competencia y habilidad para manejar evidencia cient\u00edfica y testimonio de expertos. A pesar de la creencia popular, las pruebas de sobriedad de campo no son cient\u00edficas. Incluso las pruebas de aliento y los an\u00e1lisis de sangre pueden ser inexactos como indicadores de si una persona estaba afectada o estaba por encima del l\u00edmite legal de alcohol en sangre al conducir. Por estas razones, y debido a que un DUI tiene consecuencias para la licencia de conducir y el seguro, es importante que una persona arrestada por DUI consulte a un abogado calificado lo antes posible.<\/p>\n<h3>Procedimientos del DMV<\/h3>\n<p>Las decisiones incorrectas del DMV pueden tener un impacto enorme. Para los conductores comerciales, la suspensi\u00f3n de una licencia pone en peligro su sustento. Para todos los dem\u00e1s, es un inconveniente. Y conducir con una licencia revocada o suspendida es un delito. Alanna D. Coopersmith ayuda a las personas a recuperar sus licencias y representa a las personas en audiencias y apelaciones que impugnan la suspensi\u00f3n de sus licencias.<\/p>\n<h3>Eliminaciones<\/h3>\n<p>Los antecedentes penales son un obst\u00e1culo para obtener empleo, vivienda, beneficios p\u00fablicos e incluso educaci\u00f3n. Hay formas de limpiar su hoja de antecedentes penales. Entre ellos: sellar un registro de arresto; desestimar una condena penal; reducir un delito grave a un delito menor; y obtener un certificado de rehabilitaci\u00f3n e indulto. Asesoramos sobre las opciones disponibles y ofrecemos un servicio de limpieza de registros r\u00e1pido y rentable.<\/p>\n<h3>\u00d3rdenes de restricci\u00f3n<\/h3>\n<p>Alanna D. Coopersmith representa a clientes defendiendo contra \u00f3rdenes de restricci\u00f3n o buscan modificar \/ anular \u00f3rdenes de restricci\u00f3n que son injustas o que ya no cumplen su prop\u00f3sito original.<\/p>\n<ul class=\"su-subpages\"><li class=\"page_item page-item-70\"><a href=\"https:\/\/www.eastbaydefense.com\/es\/practice-areas\/assault-battery\/\">Bateria de asalto<\/a><\/li>\n<li class=\"page_item page-item-75\"><a href=\"https:\/\/www.eastbaydefense.com\/es\/practice-areas\/bench-warrants\/\">\u00d3rdenes de banco<\/a><\/li>\n<li class=\"page_item page-item-78\"><a href=\"https:\/\/www.eastbaydefense.com\/es\/practice-areas\/bookmaking\/\">Hacer Apuestas<\/a><\/li>\n<li class=\"page_item page-item-80\"><a href=\"https:\/\/www.eastbaydefense.com\/es\/practice-areas\/burglary\/\">Burglary<\/a><\/li>\n<li class=\"page_item page-item-82\"><a href=\"https:\/\/www.eastbaydefense.com\/es\/practice-areas\/carjacking\/\">Robo de auto<\/a><\/li>\n<li class=\"page_item page-item-84\"><a href=\"https:\/\/www.eastbaydefense.com\/es\/practice-areas\/child-abuse\/\">Abuso infantil<\/a><\/li>\n<li class=\"page_item page-item-88\"><a href=\"https:\/\/www.eastbaydefense.com\/es\/practice-areas\/child-pornography\/\">Pornograf\u00eda infantil<\/a><\/li>\n<li class=\"page_item page-item-90\"><a href=\"https:\/\/www.eastbaydefense.com\/es\/practice-areas\/conspiracy-charges\/\">Cargos de conspiraci\u00f3n<\/a><\/li>\n<li class=\"page_item page-item-92\"><a href=\"https:\/\/www.eastbaydefense.com\/es\/practice-areas\/criminal-appeals\/\">Apelaci\u00f3nes Criminales<\/a><\/li>\n<li class=\"page_item page-item-177\"><a href=\"https:\/\/www.eastbaydefense.com\/es\/practice-areas\/criminal-defense\/\">Defensa Criminal<\/a><\/li>\n<li class=\"page_item page-item-95\"><a href=\"https:\/\/www.eastbaydefense.com\/es\/practice-areas\/disorderly-conduct\/\">Conducta desordenada<\/a><\/li>\n<li class=\"page_item page-item-64\"><a href=\"https:\/\/www.eastbaydefense.com\/es\/practice-areas\/dmv-proceedings\/\">Procedimientos del DMV<\/a><\/li>\n<li class=\"page_item page-item-112\"><a href=\"https:\/\/www.eastbaydefense.com\/es\/practice-areas\/domestic-violence\/\">Violencia dom\u00e9stica<\/a><\/li>\n<li class=\"page_item page-item-113\"><a href=\"https:\/\/www.eastbaydefense.com\/es\/practice-areas\/drug-crimes\/\">Delitos de drogas<\/a><\/li>\n<li class=\"page_item page-item-67\"><a href=\"https:\/\/www.eastbaydefense.com\/es\/practice-areas\/duidrunk-driving\/\">Conduciendo Bajo La Influencia de Alcohol\/Drogas (\u201cDUI\u201d)<\/a><\/li>\n<li class=\"page_item page-item-114\"><a href=\"https:\/\/www.eastbaydefense.com\/es\/practice-areas\/expungements\/\">Eliminaci\u00f3n de antecedentes penales<\/a><\/li>\n<li class=\"page_item page-item-117\"><a href=\"https:\/\/www.eastbaydefense.com\/es\/practice-areas\/firearm-offenses\/\">Delitos con armas de fuego<\/a><\/li>\n<li class=\"page_item page-item-116\"><a href=\"https:\/\/www.eastbaydefense.com\/es\/practice-areas\/fraud-crimes\/\">Delitos de fraude<\/a><\/li>\n<li class=\"page_item page-item-106\"><a href=\"https:\/\/www.eastbaydefense.com\/es\/practice-areas\/gang-crimes\/\">Cr\u00edmenes de pandillas<\/a><\/li>\n<li class=\"page_item page-item-154\"><a href=\"https:\/\/www.eastbaydefense.com\/es\/practice-areas\/gun-charges\/\">Cargos de armas<\/a><\/li>\n<li class=\"page_item page-item-153\"><a href=\"https:\/\/www.eastbaydefense.com\/es\/practice-areas\/hit-run\/\">Hit &#038; Run<\/a><\/li>\n<li class=\"page_item page-item-158\"><a href=\"https:\/\/www.eastbaydefense.com\/es\/practice-areas\/identity-theft\/\">El robo de identidad<\/a><\/li>\n<li class=\"page_item page-item-160\"><a href=\"https:\/\/www.eastbaydefense.com\/es\/practice-areas\/juvenile-offenses\/\">Delitos de menores<\/a><\/li>\n<li class=\"page_item page-item-165\"><a href=\"https:\/\/www.eastbaydefense.com\/es\/practice-areas\/mental-health\/\">Salud mental<\/a><\/li>\n<li class=\"page_item page-item-167\"><a href=\"https:\/\/www.eastbaydefense.com\/es\/practice-areas\/outstanding-warrants\/\">Warrants pendientes<\/a><\/li>\n<li class=\"page_item page-item-170\"><a href=\"https:\/\/www.eastbaydefense.com\/es\/practice-areas\/petty-theft\/\">Hurto<\/a><\/li>\n<li class=\"page_item page-item-172\"><a href=\"https:\/\/www.eastbaydefense.com\/es\/practice-areas\/probationparole-violations\/\">Violaciones de libertad condicional \/ libertad condicional<\/a><\/li>\n<li class=\"page_item page-item-174\"><a href=\"https:\/\/www.eastbaydefense.com\/es\/practice-areas\/prop-36-and-prop-47\/\">Prop 36 y Prop 47<\/a><\/li>\n<li class=\"page_item page-item-100\"><a href=\"https:\/\/www.eastbaydefense.com\/es\/practice-areas\/prostitution\/\">Prostituci\u00f3n<\/a><\/li>\n<li class=\"page_item page-item-101\"><a href=\"https:\/\/www.eastbaydefense.com\/es\/practice-areas\/protest-rights\/\">Derechos de protesta<\/a><\/li>\n<li class=\"page_item page-item-102\"><a href=\"https:\/\/www.eastbaydefense.com\/es\/practice-areas\/reckless-driving\/\">Conducci\u00f3n temeraria<\/a><\/li>\n<li class=\"page_item page-item-103\"><a href=\"https:\/\/www.eastbaydefense.com\/es\/practice-areas\/resisting-arrest\/\">Resistiendo el arresto<\/a><\/li>\n<li class=\"page_item page-item-104\"><a href=\"https:\/\/www.eastbaydefense.com\/es\/practice-areas\/restraining-orders\/\">Ordenes de restriccion<\/a><\/li>\n<li class=\"page_item page-item-105\"><a href=\"https:\/\/www.eastbaydefense.com\/es\/practice-areas\/robbery-burglary\/\">Robo<\/a><\/li>\n<li class=\"page_item page-item-115\"><a href=\"https:\/\/www.eastbaydefense.com\/es\/practice-areas\/sex-offenses\/\">Delitos sexuales<\/a><\/li>\n<li class=\"page_item page-item-110\"><a href=\"https:\/\/www.eastbaydefense.com\/es\/practice-areas\/suspended-license\/\">Licencia suspendida<\/a><\/li>\n<li class=\"page_item page-item-111\"><a href=\"https:\/\/www.eastbaydefense.com\/es\/practice-areas\/theft-and-robbery\/\">Robo<\/a><\/li>\n<li class=\"page_item page-item-109\"><a href=\"https:\/\/www.eastbaydefense.com\/es\/practice-areas\/three-strikes\/\">Tres huelgas<\/a><\/li>\n<li class=\"page_item page-item-108\"><a href=\"https:\/\/www.eastbaydefense.com\/es\/practice-areas\/traffic-court\/\">Tribunal de tr\u00e1fico<\/a><\/li>\n<li class=\"page_item page-item-107\"><a href=\"https:\/\/www.eastbaydefense.com\/es\/practice-areas\/vandalism\/\">Vandalismo<\/a><\/li>\n<li class=\"page_item page-item-162\"><a href=\"https:\/\/www.eastbaydefense.com\/es\/practice-areas\/kidnapping\/\">Kidnapping<\/a><\/li>\n<\/ul>\n","protected":false},"excerpt":{"rendered":"<p>Defensa criminal Si la polic\u00eda lo interroga, d\u00edgales que no desea hablar con ellos hasta que haya hablado con un abogado. P\u00f3ngase en contacto con un abogado defensor penal con experiencia. Alanna D. Coopersmith representa a personas acusadas de una variedad de actividades delictivas. Ella tiene el conocimiento y la diligencia para buscar una defensa [&hellip;]<\/p>\n","protected":false},"author":3,"featured_media":0,"parent":0,"menu_order":0,"comment_status":"closed","ping_status":"closed","template":"","meta":{"footnotes":""},"class_list":["post-12","page","type-page","status-publish","hentry"],"translation":{"provider":"WPGlobus","version":"3.0.2","language":"es","enabled_languages":["en","es"],"languages":{"en":{"title":true,"content":true,"excerpt":false},"es":{"title":true,"content":true,"excerpt":false}}},"yoast_head":"<!-- This site is optimized with the Yoast SEO plugin v27.5 - https:\/\/yoast.com\/product\/yoast-seo-wordpress\/ -->\n<title>Areas de pr\u00e1ctica - East Bay Defense<\/title>\n<meta name=\"robots\" content=\"index, follow, max-snippet:-1, max-image-preview:large, max-video-preview:-1\" \/>\n<link rel=\"canonical\" href=\"https:\/\/www.eastbaydefense.com\/practice-areas\/\" \/>\n<meta property=\"og:locale\" content=\"es_ES\" \/>\n<meta property=\"og:type\" content=\"article\" \/>\n<meta property=\"og:title\" content=\"Areas de pr\u00e1ctica - East Bay Defense\" \/>\n<meta property=\"og:url\" content=\"https:\/\/www.eastbaydefense.com\/practice-areas\/\" \/>\n<meta property=\"og:site_name\" content=\"East Bay Defense\" \/>\n<meta property=\"article:modified_time\" content=\"2021-04-02T04:29:40+00:00\" \/>\n<meta property=\"og:image\" content=\"http:\/\/www.eastbaydefense.com\/wp-content\/uploads\/2021\/01\/Criminal_Defense1.jpg\" \/>\n<meta name=\"twitter:card\" content=\"summary_large_image\" \/>\n<meta name=\"twitter:label1\" content=\"Est. reading time\" \/>\n\t<meta name=\"twitter:data1\" content=\"3 minutes\" \/>\n<script type=\"application\/ld+json\" class=\"yoast-schema-graph\">{\"@context\":\"https:\\\/\\\/schema.org\",\"@graph\":[{\"@type\":\"WebPage\",\"@id\":\"https:\\\/\\\/www.eastbaydefense.com\\\/practice-areas\\\/\",\"url\":\"https:\\\/\\\/www.eastbaydefense.com\\\/practice-areas\\\/\",\"name\":\"Areas de pr\u00e1ctica - East Bay Defense\",\"isPartOf\":{\"@id\":\"https:\\\/\\\/www.eastbaydefense.com\\\/#website\"},\"primaryImageOfPage\":{\"@id\":\"https:\\\/\\\/www.eastbaydefense.com\\\/practice-areas\\\/#primaryimage\"},\"image\":{\"@id\":\"https:\\\/\\\/www.eastbaydefense.com\\\/practice-areas\\\/#primaryimage\"},\"thumbnailUrl\":\"http:\\\/\\\/www.eastbaydefense.com\\\/wp-content\\\/uploads\\\/2021\\\/01\\\/Criminal_Defense1.jpg\",\"datePublished\":\"2021-01-19T09:16:39+00:00\",\"dateModified\":\"2021-04-02T04:29:40+00:00\",\"description\":\"Criminal Defense If you are questioned by the police, tell them that you do not want to speak to them until you have spoken to an attorney. Contact experienced criminal defense counsel. Alanna D. Coopersmith represents individuals accused of a variety of criminal activity. She has the knowledge and diligence to pursue an aggressive defense, Read more...\",\"breadcrumb\":{\"@id\":\"https:\\\/\\\/www.eastbaydefense.com\\\/practice-areas\\\/#breadcrumb\"},\"inLanguage\":\"es-ES\",\"potentialAction\":[{\"@type\":\"ReadAction\",\"target\":[\"https:\\\/\\\/www.eastbaydefense.com\\\/practice-areas\\\/\"]}]},{\"@type\":\"ImageObject\",\"inLanguage\":\"es-ES\",\"@id\":\"https:\\\/\\\/www.eastbaydefense.com\\\/practice-areas\\\/#primaryimage\",\"url\":\"http:\\\/\\\/www.eastbaydefense.com\\\/wp-content\\\/uploads\\\/2021\\\/01\\\/Criminal_Defense1.jpg\",\"contentUrl\":\"http:\\\/\\\/www.eastbaydefense.com\\\/wp-content\\\/uploads\\\/2021\\\/01\\\/Criminal_Defense1.jpg\"},{\"@type\":\"BreadcrumbList\",\"@id\":\"https:\\\/\\\/www.eastbaydefense.com\\\/practice-areas\\\/#breadcrumb\",\"itemListElement\":[{\"@type\":\"ListItem\",\"position\":1,\"name\":\"Home\",\"item\":\"https:\\\/\\\/www.eastbaydefense.com\\\/\"},{\"@type\":\"ListItem\",\"position\":2,\"name\":\"Practice Areas\"}]},{\"@type\":\"WebSite\",\"@id\":\"https:\\\/\\\/www.eastbaydefense.com\\\/#website\",\"url\":\"https:\\\/\\\/www.eastbaydefense.com\\\/\",\"name\":\"East Bay Defense\",\"description\":\"\",\"potentialAction\":[{\"@type\":\"SearchAction\",\"target\":{\"@type\":\"EntryPoint\",\"urlTemplate\":\"https:\\\/\\\/www.eastbaydefense.com\\\/?s={search_term_string}\"},\"query-input\":{\"@type\":\"PropertyValueSpecification\",\"valueRequired\":true,\"valueName\":\"search_term_string\"}}],\"inLanguage\":\"es-ES\"}]}<\/script>\n<!-- \/ Yoast SEO plugin. -->","yoast_head_json":{"title":"Areas de pr\u00e1ctica - East Bay Defense","robots":{"index":"index","follow":"follow","max-snippet":"max-snippet:-1","max-image-preview":"max-image-preview:large","max-video-preview":"max-video-preview:-1"},"canonical":"https:\/\/www.eastbaydefense.com\/practice-areas\/","og_locale":"es_ES","og_type":"article","og_title":"Areas de pr\u00e1ctica - East Bay Defense","og_url":"https:\/\/www.eastbaydefense.com\/practice-areas\/","og_site_name":"East Bay Defense","article_modified_time":"2021-04-02T04:29:40+00:00","og_image":[{"url":"http:\/\/www.eastbaydefense.com\/wp-content\/uploads\/2021\/01\/Criminal_Defense1.jpg","type":"","width":"","height":""}],"twitter_card":"summary_large_image","twitter_misc":{"Est. reading time":"3 minutes"},"schema":{"@context":"https:\/\/schema.org","@graph":[{"@type":"WebPage","@id":"https:\/\/www.eastbaydefense.com\/practice-areas\/","url":"https:\/\/www.eastbaydefense.com\/practice-areas\/","name":"Areas de pr\u00e1ctica - East Bay Defense","isPartOf":{"@id":"https:\/\/www.eastbaydefense.com\/#website"},"primaryImageOfPage":{"@id":"https:\/\/www.eastbaydefense.com\/practice-areas\/#primaryimage"},"image":{"@id":"https:\/\/www.eastbaydefense.com\/practice-areas\/#primaryimage"},"thumbnailUrl":"http:\/\/www.eastbaydefense.com\/wp-content\/uploads\/2021\/01\/Criminal_Defense1.jpg","datePublished":"2021-01-19T09:16:39+00:00","dateModified":"2021-04-02T04:29:40+00:00","description":"Criminal Defense If you are questioned by the police, tell them that you do not want to speak to them until you have spoken to an attorney. Contact experienced criminal defense counsel. Alanna D. Coopersmith represents individuals accused of a variety of criminal activity. She has the knowledge and diligence to pursue an aggressive defense, Read more...","breadcrumb":{"@id":"https:\/\/www.eastbaydefense.com\/practice-areas\/#breadcrumb"},"inLanguage":"es-ES","potentialAction":[{"@type":"ReadAction","target":["https:\/\/www.eastbaydefense.com\/practice-areas\/"]}]},{"@type":"ImageObject","inLanguage":"es-ES","@id":"https:\/\/www.eastbaydefense.com\/practice-areas\/#primaryimage","url":"http:\/\/www.eastbaydefense.com\/wp-content\/uploads\/2021\/01\/Criminal_Defense1.jpg","contentUrl":"http:\/\/www.eastbaydefense.com\/wp-content\/uploads\/2021\/01\/Criminal_Defense1.jpg"},{"@type":"BreadcrumbList","@id":"https:\/\/www.eastbaydefense.com\/practice-areas\/#breadcrumb","itemListElement":[{"@type":"ListItem","position":1,"name":"Home","item":"https:\/\/www.eastbaydefense.com\/"},{"@type":"ListItem","position":2,"name":"Practice Areas"}]},{"@type":"WebSite","@id":"https:\/\/www.eastbaydefense.com\/#website","url":"https:\/\/www.eastbaydefense.com\/","name":"East Bay Defense","description":"","potentialAction":[{"@type":"SearchAction","target":{"@type":"EntryPoint","urlTemplate":"https:\/\/www.eastbaydefense.com\/?s={search_term_string}"},"query-input":{"@type":"PropertyValueSpecification","valueRequired":true,"valueName":"search_term_string"}}],"inLanguage":"es-ES"}]}},"_links":{"self":[{"href":"https:\/\/www.eastbaydefense.com\/es\/wp-json\/wp\/v2\/pages\/12","targetHints":{"allow":["GET"]}}],"collection":[{"href":"https:\/\/www.eastbaydefense.com\/es\/wp-json\/wp\/v2\/pages"}],"about":[{"href":"https:\/\/www.eastbaydefense.com\/es\/wp-json\/wp\/v2\/types\/page"}],"author":[{"embeddable":true,"href":"https:\/\/www.eastbaydefense.com\/es\/wp-json\/wp\/v2\/users\/3"}],"replies":[{"embeddable":true,"href":"https:\/\/www.eastbaydefense.com\/es\/wp-json\/wp\/v2\/comments?post=12"}],"version-history":[{"count":26,"href":"https:\/\/www.eastbaydefense.com\/es\/wp-json\/wp\/v2\/pages\/12\/revisions"}],"predecessor-version":[{"id":1022,"href":"https:\/\/www.eastbaydefense.com\/es\/wp-json\/wp\/v2\/pages\/12\/revisions\/1022"}],"wp:attachment":[{"href":"https:\/\/www.eastbaydefense.com\/es\/wp-json\/wp\/v2\/media?parent=12"}],"curies":[{"name":"wp","href":"https:\/\/api.w.org\/{rel}","templated":true}]}}