{"id":14,"date":"2021-01-19T09:16:55","date_gmt":"2021-01-19T09:16:55","guid":{"rendered":"https:\/\/legalwebdesign.xyz\/eastbay\/?page_id=14"},"modified":"2021-02-04T22:47:51","modified_gmt":"2021-02-05T05:47:51","slug":"testimonials","status":"publish","type":"page","link":"https:\/\/www.eastbaydefense.com\/es\/testimonials\/","title":{"rendered":"Testimonials"},"content":{"rendered":"<div class=\"strong-view strong-view-id-1 default wpmtst-default\" data-count=\"4\"><div class=\"strong-content strong-columns columns-2\"><div class=\"wpmtst-testimonial testimonial post-655\"><div class=\"wpmtst-testimonial-inner testimonial-inner\"><h3 class=\"wpmtst-testimonial-heading testimonial-heading\">Rhodena P.<\/h3><div    class=\"wpmtst-testimonial-content testimonial-content\"><div class=\"maybe-clear\"><\/div><p>Mi hijo estuvo involucrado en un accidente de tr\u00e1fico con graves lesiones corporales. Estaba viendo un delito grave en su historial y 6 a\u00f1os de prisi\u00f3n. Nuestro abogado trajo a Alanna para el juicio. Aunque (como madre) ten\u00eda el coraz\u00f3n en la garganta, pod\u00eda decir que Alanna estaba teniendo un efecto muy positivo en el jurado. Alanna se\u00f1al\u00f3 muy claramente de qu\u00e9 se le acusaba y c\u00f3mo el fiscal del distrito no hab\u00eda cumplido con la carga de la prueba. Alanna us\u00f3 im\u00e1genes para ayudar al jurado a comprender la duda razonable. En el interrogatorio pudo demostrar que incluso el oficial que lo arrest\u00f3 sinti\u00f3 que la otra parte ten\u00eda la culpa. Por todo lo que el fiscal del distrito trajo a la mesa, Alanna pudo contrarrestar. No hace falta decir que el jurado consider\u00f3 que mi hijo NO ES CULPABLE.<\/p><p>Gracias Alanna por todo lo que hiciste para llevar este juicio a un final positivo. Puedo respirar de nuevo. Recomiendo encarecidamente a la Sra. Alanna Coopersmith si alguna vez se encuentra usted o un ser querido en problemas legales.<\/p><p>\u00a1Ella estar\u00e1 a tu lado en cada paso! \u00a1Gracias Alanna!<\/p><\/div><div class=\"clear\"><\/div><\/div><\/div><div class=\"wpmtst-testimonial testimonial post-653\"><div class=\"wpmtst-testimonial-inner testimonial-inner\"><h3 class=\"wpmtst-testimonial-heading testimonial-heading\">John D.<\/h3><div    class=\"wpmtst-testimonial-content testimonial-content\"><div class=\"maybe-clear\"><\/div><p>Alanna hizo un excelente trabajo en mi caso de DUI cuando todos los dem\u00e1s abogados me hab\u00edan fallado. Desde nuestra reuni\u00f3n inicial, supe que ella era la indicada. Su enfoque optimista y agresivo de mi caso alivi\u00f3 todas mis preocupaciones, junto con la investigaci\u00f3n interminable dedicada a mi caso, manteni\u00e9ndome completamente informado de todas mis opciones. \u00a1Vino muy recomendada por el Colegio de Abogados del Condado de Alameda y hace el trabajo! Su diligencia al desafiar al Fiscal de Distrito en mi camino al jurado, fue m\u00e1s all\u00e1, lo que result\u00f3 en que mi caso fuera absuelto. Incluso despu\u00e9s de terminar su trabajo, ella continu\u00f3 disponible para recibir informaci\u00f3n, lo que result\u00f3 en que recuperara mi licencia de conducir. Alanna es una GANADORA !!!! <\/p><\/div><div class=\"clear\"><\/div><\/div><\/div><div class=\"wpmtst-testimonial testimonial post-657\"><div class=\"wpmtst-testimonial-inner testimonial-inner\"><h3 class=\"wpmtst-testimonial-heading testimonial-heading\">Rachel A.<\/h3><div    class=\"wpmtst-testimonial-content testimonial-content\"><div class=\"maybe-clear\"><\/div><p>Alanna hizo un gran trabajo manejando un posible caso criminal en mi contra. Me comuniqu\u00e9 con ella mientras estaba bajo investigaci\u00f3n, antes de que se presentaran cargos. Actu\u00f3 de inmediato en mi nombre y me dijo que, aunque no pod\u00eda hacer promesas, estaba segura de que podr\u00eda conseguir que se abordara el problema, sin registro p\u00fablico.<\/p><p>Mientras trabajaba en mi caso, Alanna hizo que nunca tuviera que tratar directamente con el investigador. Ella literalmente me represent\u00f3 en todo momento. Y aunque podr\u00eda haber ganado m\u00e1s dinero si hubiera dejado que el caso fuera a juicio, logr\u00f3 resolver el asunto r\u00e1pidamente, sin cargos y a un precio muy justo.<\/p><p>Alanna respondi\u00f3 a todas mis comunicaciones con prontitud y habl\u00f3 \/ envi\u00f3 un correo electr\u00f3nico de una manera que me tranquiliz\u00f3. Su enfoque fue siempre amable, pero completo y directo. Definitivamente pude ver que ella ser\u00eda una abogada formidable en la corte o en el juicio, pero debido a su naturaleza proactiva, nunca tuve que llegar tan lejos.<\/p><p>Recomiendo encarecidamente a Alanna.<\/p><\/div><div class=\"clear\"><\/div><\/div><\/div><div class=\"wpmtst-testimonial testimonial post-659\"><div class=\"wpmtst-testimonial-inner testimonial-inner\"><h3 class=\"wpmtst-testimonial-heading testimonial-heading\">Jason S.<\/h3><div    class=\"wpmtst-testimonial-content testimonial-content\"><div class=\"maybe-clear\"><\/div><p>Alanna D. Coopersmith me ayud\u00f3 a obtener la ayuda que necesitaba para arreglar el desastre que hab\u00eda causado en mi vida. Ella estaba tan dedicada a no dejar que me rindiera. Ella vio lo bueno en m\u00ed en lugar de concentrarse en mi r\u00e9cord anterior. Tambi\u00e9n me ayud\u00f3 a ingresar en un programa de 2 a\u00f1os llamado Delancey Street Foundation, donde pude hacer los cambios necesarios para mejorarme y vivir una vida mejor. La jueza no quiso que me liberaran al programa pero ella insisti\u00f3 en que me liberara e incluso me recogi\u00f3 y me acompa\u00f1\u00f3 al programa y me gradu\u00e9 en 2019.<\/p><p>Ella va m\u00e1s all\u00e1 por sus clientes y nunca se rendir\u00e1. A la Sra. Coopersmith le importa y ella es el verdadero significado del cielo enviado.<\/p><\/div><div class=\"clear\"><\/div><\/div><\/div><\/div><\/div>\n","protected":false},"excerpt":{"rendered":"","protected":false},"author":3,"featured_media":0,"parent":0,"menu_order":0,"comment_status":"closed","ping_status":"closed","template":"","meta":{"footnotes":""},"class_list":["post-14","page","type-page","status-publish","hentry"],"translation":{"provider":"WPGlobus","version":"3.0.2","language":"es","enabled_languages":["en","es"],"languages":{"en":{"title":true,"content":true,"excerpt":false},"es":{"title":false,"content":false,"excerpt":false}}},"yoast_head":"<!-- This site is optimized with the Yoast SEO plugin v27.5 - https:\/\/yoast.com\/product\/yoast-seo-wordpress\/ -->\n<title>Testimonials - East Bay Defense<\/title>\n<meta name=\"robots\" content=\"index, follow, max-snippet:-1, max-image-preview:large, max-video-preview:-1\" \/>\n<link rel=\"canonical\" href=\"https:\/\/www.eastbaydefense.com\/testimonials\/\" \/>\n<meta property=\"og:locale\" content=\"es_ES\" \/>\n<meta property=\"og:type\" content=\"article\" \/>\n<meta property=\"og:title\" content=\"Testimonials - East Bay Defense\" \/>\n<meta property=\"og:url\" content=\"https:\/\/www.eastbaydefense.com\/testimonials\/\" \/>\n<meta property=\"og:site_name\" content=\"East Bay Defense\" \/>\n<meta property=\"article:modified_time\" content=\"2021-02-05T05:47:51+00:00\" \/>\n<meta name=\"twitter:card\" content=\"summary_large_image\" \/>\n<meta name=\"twitter:label1\" content=\"Est. reading time\" \/>\n\t<meta name=\"twitter:data1\" content=\"1 minute\" \/>\n<script type=\"application\/ld+json\" class=\"yoast-schema-graph\">{\"@context\":\"https:\\\/\\\/schema.org\",\"@graph\":[{\"@type\":\"WebPage\",\"@id\":\"https:\\\/\\\/www.eastbaydefense.com\\\/testimonials\\\/\",\"url\":\"https:\\\/\\\/www.eastbaydefense.com\\\/testimonials\\\/\",\"name\":\"Testimonials - East Bay Defense\",\"isPartOf\":{\"@id\":\"https:\\\/\\\/www.eastbaydefense.com\\\/#website\"},\"datePublished\":\"2021-01-19T09:16:55+00:00\",\"dateModified\":\"2021-02-05T05:47:51+00:00\",\"breadcrumb\":{\"@id\":\"https:\\\/\\\/www.eastbaydefense.com\\\/testimonials\\\/#breadcrumb\"},\"inLanguage\":\"es-ES\",\"potentialAction\":[{\"@type\":\"ReadAction\",\"target\":[\"https:\\\/\\\/www.eastbaydefense.com\\\/testimonials\\\/\"]}]},{\"@type\":\"BreadcrumbList\",\"@id\":\"https:\\\/\\\/www.eastbaydefense.com\\\/testimonials\\\/#breadcrumb\",\"itemListElement\":[{\"@type\":\"ListItem\",\"position\":1,\"name\":\"Home\",\"item\":\"https:\\\/\\\/www.eastbaydefense.com\\\/\"},{\"@type\":\"ListItem\",\"position\":2,\"name\":\"Testimonials\"}]},{\"@type\":\"WebSite\",\"@id\":\"https:\\\/\\\/www.eastbaydefense.com\\\/#website\",\"url\":\"https:\\\/\\\/www.eastbaydefense.com\\\/\",\"name\":\"East Bay Defense\",\"description\":\"\",\"potentialAction\":[{\"@type\":\"SearchAction\",\"target\":{\"@type\":\"EntryPoint\",\"urlTemplate\":\"https:\\\/\\\/www.eastbaydefense.com\\\/?s={search_term_string}\"},\"query-input\":{\"@type\":\"PropertyValueSpecification\",\"valueRequired\":true,\"valueName\":\"search_term_string\"}}],\"inLanguage\":\"es-ES\"}]}<\/script>\n<!-- \/ Yoast SEO plugin. -->","yoast_head_json":{"title":"Testimonials - East Bay Defense","robots":{"index":"index","follow":"follow","max-snippet":"max-snippet:-1","max-image-preview":"max-image-preview:large","max-video-preview":"max-video-preview:-1"},"canonical":"https:\/\/www.eastbaydefense.com\/testimonials\/","og_locale":"es_ES","og_type":"article","og_title":"Testimonials - East Bay Defense","og_url":"https:\/\/www.eastbaydefense.com\/testimonials\/","og_site_name":"East Bay Defense","article_modified_time":"2021-02-05T05:47:51+00:00","twitter_card":"summary_large_image","twitter_misc":{"Est. reading time":"1 minute"},"schema":{"@context":"https:\/\/schema.org","@graph":[{"@type":"WebPage","@id":"https:\/\/www.eastbaydefense.com\/testimonials\/","url":"https:\/\/www.eastbaydefense.com\/testimonials\/","name":"Testimonials - East Bay Defense","isPartOf":{"@id":"https:\/\/www.eastbaydefense.com\/#website"},"datePublished":"2021-01-19T09:16:55+00:00","dateModified":"2021-02-05T05:47:51+00:00","breadcrumb":{"@id":"https:\/\/www.eastbaydefense.com\/testimonials\/#breadcrumb"},"inLanguage":"es-ES","potentialAction":[{"@type":"ReadAction","target":["https:\/\/www.eastbaydefense.com\/testimonials\/"]}]},{"@type":"BreadcrumbList","@id":"https:\/\/www.eastbaydefense.com\/testimonials\/#breadcrumb","itemListElement":[{"@type":"ListItem","position":1,"name":"Home","item":"https:\/\/www.eastbaydefense.com\/"},{"@type":"ListItem","position":2,"name":"Testimonials"}]},{"@type":"WebSite","@id":"https:\/\/www.eastbaydefense.com\/#website","url":"https:\/\/www.eastbaydefense.com\/","name":"East Bay Defense","description":"","potentialAction":[{"@type":"SearchAction","target":{"@type":"EntryPoint","urlTemplate":"https:\/\/www.eastbaydefense.com\/?s={search_term_string}"},"query-input":{"@type":"PropertyValueSpecification","valueRequired":true,"valueName":"search_term_string"}}],"inLanguage":"es-ES"}]}},"_links":{"self":[{"href":"https:\/\/www.eastbaydefense.com\/es\/wp-json\/wp\/v2\/pages\/14","targetHints":{"allow":["GET"]}}],"collection":[{"href":"https:\/\/www.eastbaydefense.com\/es\/wp-json\/wp\/v2\/pages"}],"about":[{"href":"https:\/\/www.eastbaydefense.com\/es\/wp-json\/wp\/v2\/types\/page"}],"author":[{"embeddable":true,"href":"https:\/\/www.eastbaydefense.com\/es\/wp-json\/wp\/v2\/users\/3"}],"replies":[{"embeddable":true,"href":"https:\/\/www.eastbaydefense.com\/es\/wp-json\/wp\/v2\/comments?post=14"}],"version-history":[{"count":2,"href":"https:\/\/www.eastbaydefense.com\/es\/wp-json\/wp\/v2\/pages\/14\/revisions"}],"predecessor-version":[{"id":661,"href":"https:\/\/www.eastbaydefense.com\/es\/wp-json\/wp\/v2\/pages\/14\/revisions\/661"}],"wp:attachment":[{"href":"https:\/\/www.eastbaydefense.com\/es\/wp-json\/wp\/v2\/media?parent=14"}],"curies":[{"name":"wp","href":"https:\/\/api.w.org\/{rel}","templated":true}]}}