{"id":67,"date":"2021-01-26T16:57:14","date_gmt":"2021-01-26T16:57:14","guid":{"rendered":"https:\/\/legalwebdesign.xyz\/eastbay\/?page_id=67"},"modified":"2021-02-17T03:08:20","modified_gmt":"2021-02-17T11:08:20","slug":"duidrunk-driving","status":"publish","type":"page","link":"https:\/\/www.eastbaydefense.com\/es\/practice-areas\/duidrunk-driving\/","title":{"rendered":"Conduciendo Bajo La Influencia de Alcohol\/Drogas (\u201cDUI\u201d)"},"content":{"rendered":"<p><img decoding=\"async\" class=\"alignright  wp-image-692\" src=\"http:\/\/www.eastbaydefense.com\/wp-content\/uploads\/2021\/02\/DUI.jpg\" alt=\"\" width=\"393\" height=\"262\" srcset=\"https:\/\/www.eastbaydefense.com\/wp-content\/uploads\/2021\/02\/DUI.jpg 480w, https:\/\/www.eastbaydefense.com\/wp-content\/uploads\/2021\/02\/DUI-300x200.jpg 300w, https:\/\/www.eastbaydefense.com\/wp-content\/uploads\/2021\/02\/DUI.avif 480w, https:\/\/www.eastbaydefense.com\/wp-content\/uploads\/2021\/02\/DUI-300x200.avif 300w\" sizes=\"(max-width: 393px) 100vw, 393px\" \/> Ser detenido y examinado por un oficial de polic\u00eda en una investigaci\u00f3n de conducci\u00f3n bajo los efectos del alcohol puede ser angustioso. La \u00fanica interacci\u00f3n que muchas personas tienen con el sistema de justicia penal es un arresto por DUI.<br \/>\nLe explicaremos el proceso claramente mientras peleamos su caso en la corte. Recibir\u00e1 consejos sinceros, actualizados y pr\u00e1cticos sobre las ramificaciones de un cargo por conducir en estado de ebriedad y sobre sus opciones. Con conocimiento tanto de las leyes que rigen el DUI como de la tecnolog\u00eda cient\u00edfica y los protocolos involucrados en una investigaci\u00f3n forense de alcohol, Alanna Coopersmith presionar\u00e1 su caso en los tribunales. Adem\u00e1s, brindar\u00e1 asesoramiento, asesor\u00eda y representaci\u00f3n ante el Departamento de Veh\u00edculos Motorizados.<br \/>\nCada caso es diferente. Dependiendo de su situaci\u00f3n individual, nuestra Oficina defender\u00e1 sus intereses en la mayor medida posible, ya sea que eso signifique buscar un acuerdo favorable o llevar su caso ante un jurado.<br \/>\nPor favor <a href=\"http:\/\/www.eastbaydefense.com\/contact-us\/\">p\u00f3ngase en contacto <\/a> con nosotros para una consulta.<\/p>\n","protected":false},"excerpt":{"rendered":"<p>Ser detenido y examinado por un oficial de polic\u00eda en una investigaci\u00f3n de conducci\u00f3n bajo los efectos del alcohol puede ser angustioso. La \u00fanica interacci\u00f3n que muchas personas tienen con el sistema de justicia penal es un arresto por DUI. Le explicaremos el proceso claramente mientras peleamos su caso en la corte. Recibir\u00e1 consejos sinceros, [&hellip;]<\/p>\n","protected":false},"author":3,"featured_media":0,"parent":12,"menu_order":0,"comment_status":"closed","ping_status":"closed","template":"","meta":{"footnotes":""},"class_list":["post-67","page","type-page","status-publish","hentry"],"translation":{"provider":"WPGlobus","version":"3.0.2","language":"es","enabled_languages":["en","es"],"languages":{"en":{"title":true,"content":true,"excerpt":false},"es":{"title":true,"content":true,"excerpt":false}}},"yoast_head":"<!-- This site is optimized with the Yoast SEO plugin v27.5 - https:\/\/yoast.com\/product\/yoast-seo-wordpress\/ -->\n<title>Conduciendo Bajo La Influencia de Alcohol\/Drogas (\u201cDUI\u201d) - East Bay Defense<\/title>\n<meta name=\"robots\" content=\"index, follow, max-snippet:-1, max-image-preview:large, max-video-preview:-1\" \/>\n<link rel=\"canonical\" href=\"https:\/\/www.eastbaydefense.com\/practice-areas\/duidrunk-driving\/\" \/>\n<meta property=\"og:locale\" content=\"es_ES\" \/>\n<meta property=\"og:type\" content=\"article\" \/>\n<meta property=\"og:title\" content=\"Conduciendo Bajo La Influencia de Alcohol\/Drogas (\u201cDUI\u201d) - East Bay Defense\" \/>\n<meta property=\"og:url\" content=\"https:\/\/www.eastbaydefense.com\/practice-areas\/duidrunk-driving\/\" \/>\n<meta property=\"og:site_name\" content=\"East Bay Defense\" \/>\n<meta property=\"article:modified_time\" content=\"2021-02-17T11:08:20+00:00\" \/>\n<meta property=\"og:image\" content=\"http:\/\/www.eastbaydefense.com\/wp-content\/uploads\/2021\/02\/DUI.jpg\" \/>\n<meta name=\"twitter:card\" content=\"summary_large_image\" \/>\n<meta name=\"twitter:label1\" content=\"Est. reading time\" \/>\n\t<meta name=\"twitter:data1\" content=\"1 minute\" \/>\n<script type=\"application\/ld+json\" class=\"yoast-schema-graph\">{\"@context\":\"https:\\\/\\\/schema.org\",\"@graph\":[{\"@type\":\"WebPage\",\"@id\":\"https:\\\/\\\/www.eastbaydefense.com\\\/practice-areas\\\/duidrunk-driving\\\/\",\"url\":\"https:\\\/\\\/www.eastbaydefense.com\\\/practice-areas\\\/duidrunk-driving\\\/\",\"name\":\"Conduciendo Bajo La Influencia de Alcohol\\\/Drogas (\u201cDUI\u201d) - East Bay Defense\",\"isPartOf\":{\"@id\":\"https:\\\/\\\/www.eastbaydefense.com\\\/#website\"},\"primaryImageOfPage\":{\"@id\":\"https:\\\/\\\/www.eastbaydefense.com\\\/practice-areas\\\/duidrunk-driving\\\/#primaryimage\"},\"image\":{\"@id\":\"https:\\\/\\\/www.eastbaydefense.com\\\/practice-areas\\\/duidrunk-driving\\\/#primaryimage\"},\"thumbnailUrl\":\"http:\\\/\\\/www.eastbaydefense.com\\\/wp-content\\\/uploads\\\/2021\\\/02\\\/DUI.jpg\",\"datePublished\":\"2021-01-26T16:57:14+00:00\",\"dateModified\":\"2021-02-17T11:08:20+00:00\",\"description\":\"It\u2019s not always illegal to drink and drive. It illegal to drive under the influence of alcohol or drugs or drive with a blood-alcohol-level of .08% or higher. Field sobriety tests have become an object of pop culture. It\u2019s an article of faith that such tests tell the difference between who is intoxicated and who Read more...\",\"breadcrumb\":{\"@id\":\"https:\\\/\\\/www.eastbaydefense.com\\\/practice-areas\\\/duidrunk-driving\\\/#breadcrumb\"},\"inLanguage\":\"es-ES\",\"potentialAction\":[{\"@type\":\"ReadAction\",\"target\":[\"https:\\\/\\\/www.eastbaydefense.com\\\/practice-areas\\\/duidrunk-driving\\\/\"]}]},{\"@type\":\"ImageObject\",\"inLanguage\":\"es-ES\",\"@id\":\"https:\\\/\\\/www.eastbaydefense.com\\\/practice-areas\\\/duidrunk-driving\\\/#primaryimage\",\"url\":\"http:\\\/\\\/www.eastbaydefense.com\\\/wp-content\\\/uploads\\\/2021\\\/02\\\/DUI.jpg\",\"contentUrl\":\"http:\\\/\\\/www.eastbaydefense.com\\\/wp-content\\\/uploads\\\/2021\\\/02\\\/DUI.jpg\"},{\"@type\":\"BreadcrumbList\",\"@id\":\"https:\\\/\\\/www.eastbaydefense.com\\\/practice-areas\\\/duidrunk-driving\\\/#breadcrumb\",\"itemListElement\":[{\"@type\":\"ListItem\",\"position\":1,\"name\":\"Home\",\"item\":\"https:\\\/\\\/www.eastbaydefense.com\\\/\"},{\"@type\":\"ListItem\",\"position\":2,\"name\":\"Practice Areas\",\"item\":\"https:\\\/\\\/www.eastbaydefense.com\\\/practice-areas\\\/\"},{\"@type\":\"ListItem\",\"position\":3,\"name\":\"DUI\\\/Drunk Driving\"}]},{\"@type\":\"WebSite\",\"@id\":\"https:\\\/\\\/www.eastbaydefense.com\\\/#website\",\"url\":\"https:\\\/\\\/www.eastbaydefense.com\\\/\",\"name\":\"East Bay Defense\",\"description\":\"\",\"potentialAction\":[{\"@type\":\"SearchAction\",\"target\":{\"@type\":\"EntryPoint\",\"urlTemplate\":\"https:\\\/\\\/www.eastbaydefense.com\\\/?s={search_term_string}\"},\"query-input\":{\"@type\":\"PropertyValueSpecification\",\"valueRequired\":true,\"valueName\":\"search_term_string\"}}],\"inLanguage\":\"es-ES\"}]}<\/script>\n<!-- \/ Yoast SEO plugin. -->","yoast_head_json":{"title":"Conduciendo Bajo La Influencia de Alcohol\/Drogas (\u201cDUI\u201d) - East Bay Defense","robots":{"index":"index","follow":"follow","max-snippet":"max-snippet:-1","max-image-preview":"max-image-preview:large","max-video-preview":"max-video-preview:-1"},"canonical":"https:\/\/www.eastbaydefense.com\/practice-areas\/duidrunk-driving\/","og_locale":"es_ES","og_type":"article","og_title":"Conduciendo Bajo La Influencia de Alcohol\/Drogas (\u201cDUI\u201d) - East Bay Defense","og_url":"https:\/\/www.eastbaydefense.com\/practice-areas\/duidrunk-driving\/","og_site_name":"East Bay Defense","article_modified_time":"2021-02-17T11:08:20+00:00","og_image":[{"url":"http:\/\/www.eastbaydefense.com\/wp-content\/uploads\/2021\/02\/DUI.jpg","type":"","width":"","height":""}],"twitter_card":"summary_large_image","twitter_misc":{"Est. reading time":"1 minute"},"schema":{"@context":"https:\/\/schema.org","@graph":[{"@type":"WebPage","@id":"https:\/\/www.eastbaydefense.com\/practice-areas\/duidrunk-driving\/","url":"https:\/\/www.eastbaydefense.com\/practice-areas\/duidrunk-driving\/","name":"Conduciendo Bajo La Influencia de Alcohol\/Drogas (\u201cDUI\u201d) - East Bay Defense","isPartOf":{"@id":"https:\/\/www.eastbaydefense.com\/#website"},"primaryImageOfPage":{"@id":"https:\/\/www.eastbaydefense.com\/practice-areas\/duidrunk-driving\/#primaryimage"},"image":{"@id":"https:\/\/www.eastbaydefense.com\/practice-areas\/duidrunk-driving\/#primaryimage"},"thumbnailUrl":"http:\/\/www.eastbaydefense.com\/wp-content\/uploads\/2021\/02\/DUI.jpg","datePublished":"2021-01-26T16:57:14+00:00","dateModified":"2021-02-17T11:08:20+00:00","description":"It\u2019s not always illegal to drink and drive. It illegal to drive under the influence of alcohol or drugs or drive with a blood-alcohol-level of .08% or higher. Field sobriety tests have become an object of pop culture. It\u2019s an article of faith that such tests tell the difference between who is intoxicated and who Read more...","breadcrumb":{"@id":"https:\/\/www.eastbaydefense.com\/practice-areas\/duidrunk-driving\/#breadcrumb"},"inLanguage":"es-ES","potentialAction":[{"@type":"ReadAction","target":["https:\/\/www.eastbaydefense.com\/practice-areas\/duidrunk-driving\/"]}]},{"@type":"ImageObject","inLanguage":"es-ES","@id":"https:\/\/www.eastbaydefense.com\/practice-areas\/duidrunk-driving\/#primaryimage","url":"http:\/\/www.eastbaydefense.com\/wp-content\/uploads\/2021\/02\/DUI.jpg","contentUrl":"http:\/\/www.eastbaydefense.com\/wp-content\/uploads\/2021\/02\/DUI.jpg"},{"@type":"BreadcrumbList","@id":"https:\/\/www.eastbaydefense.com\/practice-areas\/duidrunk-driving\/#breadcrumb","itemListElement":[{"@type":"ListItem","position":1,"name":"Home","item":"https:\/\/www.eastbaydefense.com\/"},{"@type":"ListItem","position":2,"name":"Practice Areas","item":"https:\/\/www.eastbaydefense.com\/practice-areas\/"},{"@type":"ListItem","position":3,"name":"DUI\/Drunk Driving"}]},{"@type":"WebSite","@id":"https:\/\/www.eastbaydefense.com\/#website","url":"https:\/\/www.eastbaydefense.com\/","name":"East Bay Defense","description":"","potentialAction":[{"@type":"SearchAction","target":{"@type":"EntryPoint","urlTemplate":"https:\/\/www.eastbaydefense.com\/?s={search_term_string}"},"query-input":{"@type":"PropertyValueSpecification","valueRequired":true,"valueName":"search_term_string"}}],"inLanguage":"es-ES"}]}},"_links":{"self":[{"href":"https:\/\/www.eastbaydefense.com\/es\/wp-json\/wp\/v2\/pages\/67","targetHints":{"allow":["GET"]}}],"collection":[{"href":"https:\/\/www.eastbaydefense.com\/es\/wp-json\/wp\/v2\/pages"}],"about":[{"href":"https:\/\/www.eastbaydefense.com\/es\/wp-json\/wp\/v2\/types\/page"}],"author":[{"embeddable":true,"href":"https:\/\/www.eastbaydefense.com\/es\/wp-json\/wp\/v2\/users\/3"}],"replies":[{"embeddable":true,"href":"https:\/\/www.eastbaydefense.com\/es\/wp-json\/wp\/v2\/comments?post=67"}],"version-history":[{"count":13,"href":"https:\/\/www.eastbaydefense.com\/es\/wp-json\/wp\/v2\/pages\/67\/revisions"}],"predecessor-version":[{"id":811,"href":"https:\/\/www.eastbaydefense.com\/es\/wp-json\/wp\/v2\/pages\/67\/revisions\/811"}],"up":[{"embeddable":true,"href":"https:\/\/www.eastbaydefense.com\/es\/wp-json\/wp\/v2\/pages\/12"}],"wp:attachment":[{"href":"https:\/\/www.eastbaydefense.com\/es\/wp-json\/wp\/v2\/media?parent=67"}],"curies":[{"name":"wp","href":"https:\/\/api.w.org\/{rel}","templated":true}]}}