{"id":685,"date":"2021-02-11T12:16:18","date_gmt":"2021-02-11T19:16:18","guid":{"rendered":"https:\/\/legalwebdesign.xyz\/eastbay\/?page_id=685"},"modified":"2021-02-12T23:04:16","modified_gmt":"2021-02-13T06:04:16","slug":"state-criminal-cases","status":"publish","type":"page","link":"https:\/\/www.eastbaydefense.com\/es\/state-criminal-cases\/","title":{"rendered":"State Criminal Cases"},"content":{"rendered":"<p><img decoding=\"async\" class=\"alignright size-full wp-image-605\" src=\"http:\/\/www.eastbaydefense.com\/wp-content\/uploads\/2021\/01\/Ca-Flag.png\" alt=\"California Flag\" width=\"186\" height=\"186\" srcset=\"https:\/\/www.eastbaydefense.com\/wp-content\/uploads\/2021\/01\/Ca-Flag.png 186w, https:\/\/www.eastbaydefense.com\/wp-content\/uploads\/2021\/01\/Ca-Flag-150x150.png 150w, https:\/\/www.eastbaydefense.com\/wp-content\/uploads\/2021\/01\/Ca-Flag-75x75.png 75w, https:\/\/www.eastbaydefense.com\/wp-content\/uploads\/2021\/01\/Ca-Flag.avif 186w, https:\/\/www.eastbaydefense.com\/wp-content\/uploads\/2021\/01\/Ca-Flag-150x150.avif 150w, https:\/\/www.eastbaydefense.com\/wp-content\/uploads\/2021\/01\/Ca-Flag-75x75.avif 75w\" sizes=\"(max-width: 186px) 100vw, 186px\" \/>Estamos orgullosos de representar a clientes contra los cargos presentados por los fiscales en todo el \u00c1rea de la Bah\u00eda, incluidos los condados de San Francisco, Alameda, Contra Costa, Solano y Santa Clara. La representaci\u00f3n est\u00e1 en todas las etapas del proceso, desde la acusaci\u00f3n y la fianza, hasta la investigaci\u00f3n y el juicio.<\/p>\n<p>Adem\u00e1s, algunos clientes nos contratan porque se enteran de que son buscados para ser interrogados por la polic\u00eda o temen que la polic\u00eda o una agencia los investigue. No hable con la polic\u00eda antes de contactar a un abogado. Brindamos asesoramiento pr\u00e1ctico, discreto y centrado en el cliente para ayudar a las personas y las empresas a responder al escrutinio del gobierno. \u00a1Nuestro objetivo aqui es que no tengas que poner un pie en la cancha! <\/p>\n","protected":false},"excerpt":{"rendered":"<p>Estamos orgullosos de representar a clientes contra los cargos presentados por los fiscales en todo el \u00c1rea de la Bah\u00eda, incluidos los condados de San Francisco, Alameda, Contra Costa, Solano y Santa Clara. La representaci\u00f3n est\u00e1 en todas las etapas del proceso, desde la acusaci\u00f3n y la fianza, hasta la investigaci\u00f3n y el juicio. Adem\u00e1s, [&hellip;]<\/p>\n","protected":false},"author":3,"featured_media":0,"parent":0,"menu_order":0,"comment_status":"closed","ping_status":"closed","template":"","meta":{"footnotes":""},"class_list":["post-685","page","type-page","status-publish","hentry"],"translation":{"provider":"WPGlobus","version":"3.0.2","language":"es","enabled_languages":["en","es"],"languages":{"en":{"title":true,"content":true,"excerpt":false},"es":{"title":false,"content":true,"excerpt":false}}},"yoast_head":"<!-- This site is optimized with the Yoast SEO plugin v27.4 - https:\/\/yoast.com\/product\/yoast-seo-wordpress\/ -->\n<title>State Criminal Cases - East Bay Defense<\/title>\n<meta name=\"robots\" content=\"index, follow, max-snippet:-1, max-image-preview:large, max-video-preview:-1\" \/>\n<link rel=\"canonical\" href=\"https:\/\/www.eastbaydefense.com\/state-criminal-cases\/\" \/>\n<meta property=\"og:locale\" content=\"es_ES\" \/>\n<meta property=\"og:type\" content=\"article\" \/>\n<meta property=\"og:title\" content=\"State Criminal Cases - East Bay Defense\" \/>\n<meta property=\"og:url\" content=\"https:\/\/www.eastbaydefense.com\/state-criminal-cases\/\" \/>\n<meta property=\"og:site_name\" content=\"East Bay Defense\" \/>\n<meta property=\"article:modified_time\" content=\"2021-02-13T06:04:16+00:00\" \/>\n<meta property=\"og:image\" content=\"http:\/\/www.eastbaydefense.com\/wp-content\/uploads\/2021\/01\/Ca-Flag.png\" \/>\n<meta name=\"twitter:card\" content=\"summary_large_image\" \/>\n<meta name=\"twitter:label1\" content=\"Est. reading time\" \/>\n\t<meta name=\"twitter:data1\" content=\"1 minute\" \/>\n<script type=\"application\/ld+json\" class=\"yoast-schema-graph\">{\"@context\":\"https:\\\/\\\/schema.org\",\"@graph\":[{\"@type\":\"WebPage\",\"@id\":\"https:\\\/\\\/www.eastbaydefense.com\\\/state-criminal-cases\\\/\",\"url\":\"https:\\\/\\\/www.eastbaydefense.com\\\/state-criminal-cases\\\/\",\"name\":\"State Criminal Cases - East Bay Defense\",\"isPartOf\":{\"@id\":\"https:\\\/\\\/www.eastbaydefense.com\\\/#website\"},\"primaryImageOfPage\":{\"@id\":\"https:\\\/\\\/www.eastbaydefense.com\\\/state-criminal-cases\\\/#primaryimage\"},\"image\":{\"@id\":\"https:\\\/\\\/www.eastbaydefense.com\\\/state-criminal-cases\\\/#primaryimage\"},\"thumbnailUrl\":\"http:\\\/\\\/www.eastbaydefense.com\\\/wp-content\\\/uploads\\\/2021\\\/01\\\/Ca-Flag.png\",\"datePublished\":\"2021-02-11T19:16:18+00:00\",\"dateModified\":\"2021-02-13T06:04:16+00:00\",\"breadcrumb\":{\"@id\":\"https:\\\/\\\/www.eastbaydefense.com\\\/state-criminal-cases\\\/#breadcrumb\"},\"inLanguage\":\"es-ES\",\"potentialAction\":[{\"@type\":\"ReadAction\",\"target\":[\"https:\\\/\\\/www.eastbaydefense.com\\\/state-criminal-cases\\\/\"]}]},{\"@type\":\"ImageObject\",\"inLanguage\":\"es-ES\",\"@id\":\"https:\\\/\\\/www.eastbaydefense.com\\\/state-criminal-cases\\\/#primaryimage\",\"url\":\"http:\\\/\\\/www.eastbaydefense.com\\\/wp-content\\\/uploads\\\/2021\\\/01\\\/Ca-Flag.png\",\"contentUrl\":\"http:\\\/\\\/www.eastbaydefense.com\\\/wp-content\\\/uploads\\\/2021\\\/01\\\/Ca-Flag.png\"},{\"@type\":\"BreadcrumbList\",\"@id\":\"https:\\\/\\\/www.eastbaydefense.com\\\/state-criminal-cases\\\/#breadcrumb\",\"itemListElement\":[{\"@type\":\"ListItem\",\"position\":1,\"name\":\"Home\",\"item\":\"https:\\\/\\\/www.eastbaydefense.com\\\/\"},{\"@type\":\"ListItem\",\"position\":2,\"name\":\"State Criminal Cases\"}]},{\"@type\":\"WebSite\",\"@id\":\"https:\\\/\\\/www.eastbaydefense.com\\\/#website\",\"url\":\"https:\\\/\\\/www.eastbaydefense.com\\\/\",\"name\":\"East Bay Defense\",\"description\":\"\",\"potentialAction\":[{\"@type\":\"SearchAction\",\"target\":{\"@type\":\"EntryPoint\",\"urlTemplate\":\"https:\\\/\\\/www.eastbaydefense.com\\\/?s={search_term_string}\"},\"query-input\":{\"@type\":\"PropertyValueSpecification\",\"valueRequired\":true,\"valueName\":\"search_term_string\"}}],\"inLanguage\":\"es-ES\"}]}<\/script>\n<!-- \/ Yoast SEO plugin. -->","yoast_head_json":{"title":"State Criminal Cases - East Bay Defense","robots":{"index":"index","follow":"follow","max-snippet":"max-snippet:-1","max-image-preview":"max-image-preview:large","max-video-preview":"max-video-preview:-1"},"canonical":"https:\/\/www.eastbaydefense.com\/state-criminal-cases\/","og_locale":"es_ES","og_type":"article","og_title":"State Criminal Cases - East Bay Defense","og_url":"https:\/\/www.eastbaydefense.com\/state-criminal-cases\/","og_site_name":"East Bay Defense","article_modified_time":"2021-02-13T06:04:16+00:00","og_image":[{"url":"http:\/\/www.eastbaydefense.com\/wp-content\/uploads\/2021\/01\/Ca-Flag.png","type":"","width":"","height":""}],"twitter_card":"summary_large_image","twitter_misc":{"Est. reading time":"1 minute"},"schema":{"@context":"https:\/\/schema.org","@graph":[{"@type":"WebPage","@id":"https:\/\/www.eastbaydefense.com\/state-criminal-cases\/","url":"https:\/\/www.eastbaydefense.com\/state-criminal-cases\/","name":"State Criminal Cases - East Bay Defense","isPartOf":{"@id":"https:\/\/www.eastbaydefense.com\/#website"},"primaryImageOfPage":{"@id":"https:\/\/www.eastbaydefense.com\/state-criminal-cases\/#primaryimage"},"image":{"@id":"https:\/\/www.eastbaydefense.com\/state-criminal-cases\/#primaryimage"},"thumbnailUrl":"http:\/\/www.eastbaydefense.com\/wp-content\/uploads\/2021\/01\/Ca-Flag.png","datePublished":"2021-02-11T19:16:18+00:00","dateModified":"2021-02-13T06:04:16+00:00","breadcrumb":{"@id":"https:\/\/www.eastbaydefense.com\/state-criminal-cases\/#breadcrumb"},"inLanguage":"es-ES","potentialAction":[{"@type":"ReadAction","target":["https:\/\/www.eastbaydefense.com\/state-criminal-cases\/"]}]},{"@type":"ImageObject","inLanguage":"es-ES","@id":"https:\/\/www.eastbaydefense.com\/state-criminal-cases\/#primaryimage","url":"http:\/\/www.eastbaydefense.com\/wp-content\/uploads\/2021\/01\/Ca-Flag.png","contentUrl":"http:\/\/www.eastbaydefense.com\/wp-content\/uploads\/2021\/01\/Ca-Flag.png"},{"@type":"BreadcrumbList","@id":"https:\/\/www.eastbaydefense.com\/state-criminal-cases\/#breadcrumb","itemListElement":[{"@type":"ListItem","position":1,"name":"Home","item":"https:\/\/www.eastbaydefense.com\/"},{"@type":"ListItem","position":2,"name":"State Criminal Cases"}]},{"@type":"WebSite","@id":"https:\/\/www.eastbaydefense.com\/#website","url":"https:\/\/www.eastbaydefense.com\/","name":"East Bay Defense","description":"","potentialAction":[{"@type":"SearchAction","target":{"@type":"EntryPoint","urlTemplate":"https:\/\/www.eastbaydefense.com\/?s={search_term_string}"},"query-input":{"@type":"PropertyValueSpecification","valueRequired":true,"valueName":"search_term_string"}}],"inLanguage":"es-ES"}]}},"_links":{"self":[{"href":"https:\/\/www.eastbaydefense.com\/es\/wp-json\/wp\/v2\/pages\/685","targetHints":{"allow":["GET"]}}],"collection":[{"href":"https:\/\/www.eastbaydefense.com\/es\/wp-json\/wp\/v2\/pages"}],"about":[{"href":"https:\/\/www.eastbaydefense.com\/es\/wp-json\/wp\/v2\/types\/page"}],"author":[{"embeddable":true,"href":"https:\/\/www.eastbaydefense.com\/es\/wp-json\/wp\/v2\/users\/3"}],"replies":[{"embeddable":true,"href":"https:\/\/www.eastbaydefense.com\/es\/wp-json\/wp\/v2\/comments?post=685"}],"version-history":[{"count":4,"href":"https:\/\/www.eastbaydefense.com\/es\/wp-json\/wp\/v2\/pages\/685\/revisions"}],"predecessor-version":[{"id":721,"href":"https:\/\/www.eastbaydefense.com\/es\/wp-json\/wp\/v2\/pages\/685\/revisions\/721"}],"wp:attachment":[{"href":"https:\/\/www.eastbaydefense.com\/es\/wp-json\/wp\/v2\/media?parent=685"}],"curies":[{"name":"wp","href":"https:\/\/api.w.org\/{rel}","templated":true}]}}