{"id":686,"date":"2021-02-11T12:17:35","date_gmt":"2021-02-11T19:17:35","guid":{"rendered":"https:\/\/legalwebdesign.xyz\/eastbay\/?page_id=686"},"modified":"2021-02-12T23:00:38","modified_gmt":"2021-02-13T06:00:38","slug":"federal-criminal-cases","status":"publish","type":"page","link":"https:\/\/www.eastbaydefense.com\/es\/federal-criminal-cases\/","title":{"rendered":"Criminal Defensa Federal"},"content":{"rendered":"<p><img decoding=\"async\" class=\"alignright size-full wp-image-606\" src=\"http:\/\/www.eastbaydefense.com\/wp-content\/uploads\/2021\/01\/USA-Flag.png\" alt=\"USA Flag\" width=\"186\" height=\"186\" srcset=\"https:\/\/www.eastbaydefense.com\/wp-content\/uploads\/2021\/01\/USA-Flag.png 186w, https:\/\/www.eastbaydefense.com\/wp-content\/uploads\/2021\/01\/USA-Flag-150x150.png 150w, https:\/\/www.eastbaydefense.com\/wp-content\/uploads\/2021\/01\/USA-Flag-75x75.png 75w, https:\/\/www.eastbaydefense.com\/wp-content\/uploads\/2021\/01\/USA-Flag.avif 186w, https:\/\/www.eastbaydefense.com\/wp-content\/uploads\/2021\/01\/USA-Flag-150x150.avif 150w, https:\/\/www.eastbaydefense.com\/wp-content\/uploads\/2021\/01\/USA-Flag-75x75.avif 75w\" sizes=\"(max-width: 186px) 100vw, 186px\" \/>La defensa criminal federal es una especialidad en s\u00ed misma. De hecho, muchos abogados de defensa criminal no ejercen en un tribunal federal. Desde el proceso de detenci\u00f3n \u00fanico hasta las Pautas de sentencia de los Estados Unidos, las reglas de tr\u00e1nsito son diferentes. Alanna D. Coopersmith tiene experiencia en brindar representaci\u00f3n vigorosa y agresiva a individuos acusados de todo tipo de cargos federales, desde armas, drogas y pandillas hasta RICO y enjuiciamientos de cuello blanco. <\/p>\n<p>La fiscal\u00eda pondr\u00e1 todo el peso del Departamento de Justicia en la construcci\u00f3n y el litigio de un caso. Deber\u00eda tener un abogado igualmente capacitado y experimentado a su lado. Para contactarnos, haga clic en <a href=\"http:\/\/www.eastbaydefense.com\/contact-us\/\"><u>here<\/u><\/a>. <\/p>\n","protected":false},"excerpt":{"rendered":"<p>La defensa criminal federal es una especialidad en s\u00ed misma. De hecho, muchos abogados de defensa criminal no ejercen en un tribunal federal. Desde el proceso de detenci\u00f3n \u00fanico hasta las Pautas de sentencia de los Estados Unidos, las reglas de tr\u00e1nsito son diferentes. Alanna D. Coopersmith tiene experiencia en brindar representaci\u00f3n vigorosa y agresiva [&hellip;]<\/p>\n","protected":false},"author":3,"featured_media":0,"parent":0,"menu_order":0,"comment_status":"closed","ping_status":"closed","template":"","meta":{"footnotes":""},"class_list":["post-686","page","type-page","status-publish","hentry"],"translation":{"provider":"WPGlobus","version":"3.0.2","language":"es","enabled_languages":["en","es"],"languages":{"en":{"title":true,"content":true,"excerpt":false},"es":{"title":true,"content":true,"excerpt":false}}},"yoast_head":"<!-- This site is optimized with the Yoast SEO plugin v27.4 - https:\/\/yoast.com\/product\/yoast-seo-wordpress\/ -->\n<title>Criminal Defensa Federal - East Bay Defense<\/title>\n<meta name=\"robots\" content=\"index, follow, max-snippet:-1, max-image-preview:large, max-video-preview:-1\" \/>\n<link rel=\"canonical\" href=\"https:\/\/www.eastbaydefense.com\/federal-criminal-cases\/\" \/>\n<meta property=\"og:locale\" content=\"es_ES\" \/>\n<meta property=\"og:type\" content=\"article\" \/>\n<meta property=\"og:title\" content=\"Criminal Defensa Federal - East Bay Defense\" \/>\n<meta property=\"og:url\" content=\"https:\/\/www.eastbaydefense.com\/federal-criminal-cases\/\" \/>\n<meta property=\"og:site_name\" content=\"East Bay Defense\" \/>\n<meta property=\"article:modified_time\" content=\"2021-02-13T06:00:38+00:00\" \/>\n<meta property=\"og:image\" content=\"http:\/\/www.eastbaydefense.com\/wp-content\/uploads\/2021\/01\/USA-Flag.png\" \/>\n<meta name=\"twitter:card\" content=\"summary_large_image\" \/>\n<meta name=\"twitter:label1\" content=\"Est. reading time\" \/>\n\t<meta name=\"twitter:data1\" content=\"1 minute\" \/>\n<script type=\"application\/ld+json\" class=\"yoast-schema-graph\">{\"@context\":\"https:\\\/\\\/schema.org\",\"@graph\":[{\"@type\":\"WebPage\",\"@id\":\"https:\\\/\\\/www.eastbaydefense.com\\\/federal-criminal-cases\\\/\",\"url\":\"https:\\\/\\\/www.eastbaydefense.com\\\/federal-criminal-cases\\\/\",\"name\":\"Criminal Defensa Federal - East Bay Defense\",\"isPartOf\":{\"@id\":\"https:\\\/\\\/www.eastbaydefense.com\\\/#website\"},\"primaryImageOfPage\":{\"@id\":\"https:\\\/\\\/www.eastbaydefense.com\\\/federal-criminal-cases\\\/#primaryimage\"},\"image\":{\"@id\":\"https:\\\/\\\/www.eastbaydefense.com\\\/federal-criminal-cases\\\/#primaryimage\"},\"thumbnailUrl\":\"http:\\\/\\\/www.eastbaydefense.com\\\/wp-content\\\/uploads\\\/2021\\\/01\\\/USA-Flag.png\",\"datePublished\":\"2021-02-11T19:17:35+00:00\",\"dateModified\":\"2021-02-13T06:00:38+00:00\",\"breadcrumb\":{\"@id\":\"https:\\\/\\\/www.eastbaydefense.com\\\/federal-criminal-cases\\\/#breadcrumb\"},\"inLanguage\":\"es-ES\",\"potentialAction\":[{\"@type\":\"ReadAction\",\"target\":[\"https:\\\/\\\/www.eastbaydefense.com\\\/federal-criminal-cases\\\/\"]}]},{\"@type\":\"ImageObject\",\"inLanguage\":\"es-ES\",\"@id\":\"https:\\\/\\\/www.eastbaydefense.com\\\/federal-criminal-cases\\\/#primaryimage\",\"url\":\"http:\\\/\\\/www.eastbaydefense.com\\\/wp-content\\\/uploads\\\/2021\\\/01\\\/USA-Flag.png\",\"contentUrl\":\"http:\\\/\\\/www.eastbaydefense.com\\\/wp-content\\\/uploads\\\/2021\\\/01\\\/USA-Flag.png\"},{\"@type\":\"BreadcrumbList\",\"@id\":\"https:\\\/\\\/www.eastbaydefense.com\\\/federal-criminal-cases\\\/#breadcrumb\",\"itemListElement\":[{\"@type\":\"ListItem\",\"position\":1,\"name\":\"Home\",\"item\":\"https:\\\/\\\/www.eastbaydefense.com\\\/\"},{\"@type\":\"ListItem\",\"position\":2,\"name\":\"Federal Criminal Cases\"}]},{\"@type\":\"WebSite\",\"@id\":\"https:\\\/\\\/www.eastbaydefense.com\\\/#website\",\"url\":\"https:\\\/\\\/www.eastbaydefense.com\\\/\",\"name\":\"East Bay Defense\",\"description\":\"\",\"potentialAction\":[{\"@type\":\"SearchAction\",\"target\":{\"@type\":\"EntryPoint\",\"urlTemplate\":\"https:\\\/\\\/www.eastbaydefense.com\\\/?s={search_term_string}\"},\"query-input\":{\"@type\":\"PropertyValueSpecification\",\"valueRequired\":true,\"valueName\":\"search_term_string\"}}],\"inLanguage\":\"es-ES\"}]}<\/script>\n<!-- \/ Yoast SEO plugin. -->","yoast_head_json":{"title":"Criminal Defensa Federal - East Bay Defense","robots":{"index":"index","follow":"follow","max-snippet":"max-snippet:-1","max-image-preview":"max-image-preview:large","max-video-preview":"max-video-preview:-1"},"canonical":"https:\/\/www.eastbaydefense.com\/federal-criminal-cases\/","og_locale":"es_ES","og_type":"article","og_title":"Criminal Defensa Federal - East Bay Defense","og_url":"https:\/\/www.eastbaydefense.com\/federal-criminal-cases\/","og_site_name":"East Bay Defense","article_modified_time":"2021-02-13T06:00:38+00:00","og_image":[{"url":"http:\/\/www.eastbaydefense.com\/wp-content\/uploads\/2021\/01\/USA-Flag.png","type":"","width":"","height":""}],"twitter_card":"summary_large_image","twitter_misc":{"Est. reading time":"1 minute"},"schema":{"@context":"https:\/\/schema.org","@graph":[{"@type":"WebPage","@id":"https:\/\/www.eastbaydefense.com\/federal-criminal-cases\/","url":"https:\/\/www.eastbaydefense.com\/federal-criminal-cases\/","name":"Criminal Defensa Federal - East Bay Defense","isPartOf":{"@id":"https:\/\/www.eastbaydefense.com\/#website"},"primaryImageOfPage":{"@id":"https:\/\/www.eastbaydefense.com\/federal-criminal-cases\/#primaryimage"},"image":{"@id":"https:\/\/www.eastbaydefense.com\/federal-criminal-cases\/#primaryimage"},"thumbnailUrl":"http:\/\/www.eastbaydefense.com\/wp-content\/uploads\/2021\/01\/USA-Flag.png","datePublished":"2021-02-11T19:17:35+00:00","dateModified":"2021-02-13T06:00:38+00:00","breadcrumb":{"@id":"https:\/\/www.eastbaydefense.com\/federal-criminal-cases\/#breadcrumb"},"inLanguage":"es-ES","potentialAction":[{"@type":"ReadAction","target":["https:\/\/www.eastbaydefense.com\/federal-criminal-cases\/"]}]},{"@type":"ImageObject","inLanguage":"es-ES","@id":"https:\/\/www.eastbaydefense.com\/federal-criminal-cases\/#primaryimage","url":"http:\/\/www.eastbaydefense.com\/wp-content\/uploads\/2021\/01\/USA-Flag.png","contentUrl":"http:\/\/www.eastbaydefense.com\/wp-content\/uploads\/2021\/01\/USA-Flag.png"},{"@type":"BreadcrumbList","@id":"https:\/\/www.eastbaydefense.com\/federal-criminal-cases\/#breadcrumb","itemListElement":[{"@type":"ListItem","position":1,"name":"Home","item":"https:\/\/www.eastbaydefense.com\/"},{"@type":"ListItem","position":2,"name":"Federal Criminal Cases"}]},{"@type":"WebSite","@id":"https:\/\/www.eastbaydefense.com\/#website","url":"https:\/\/www.eastbaydefense.com\/","name":"East Bay Defense","description":"","potentialAction":[{"@type":"SearchAction","target":{"@type":"EntryPoint","urlTemplate":"https:\/\/www.eastbaydefense.com\/?s={search_term_string}"},"query-input":{"@type":"PropertyValueSpecification","valueRequired":true,"valueName":"search_term_string"}}],"inLanguage":"es-ES"}]}},"_links":{"self":[{"href":"https:\/\/www.eastbaydefense.com\/es\/wp-json\/wp\/v2\/pages\/686","targetHints":{"allow":["GET"]}}],"collection":[{"href":"https:\/\/www.eastbaydefense.com\/es\/wp-json\/wp\/v2\/pages"}],"about":[{"href":"https:\/\/www.eastbaydefense.com\/es\/wp-json\/wp\/v2\/types\/page"}],"author":[{"embeddable":true,"href":"https:\/\/www.eastbaydefense.com\/es\/wp-json\/wp\/v2\/users\/3"}],"replies":[{"embeddable":true,"href":"https:\/\/www.eastbaydefense.com\/es\/wp-json\/wp\/v2\/comments?post=686"}],"version-history":[{"count":6,"href":"https:\/\/www.eastbaydefense.com\/es\/wp-json\/wp\/v2\/pages\/686\/revisions"}],"predecessor-version":[{"id":719,"href":"https:\/\/www.eastbaydefense.com\/es\/wp-json\/wp\/v2\/pages\/686\/revisions\/719"}],"wp:attachment":[{"href":"https:\/\/www.eastbaydefense.com\/es\/wp-json\/wp\/v2\/media?parent=686"}],"curies":[{"name":"wp","href":"https:\/\/api.w.org\/{rel}","templated":true}]}}