{"id":80,"date":"2021-01-26T17:05:57","date_gmt":"2021-01-27T01:05:57","guid":{"rendered":"https:\/\/legalwebdesign.xyz\/eastbay\/?page_id=80"},"modified":"2021-02-20T10:11:21","modified_gmt":"2021-02-20T18:11:21","slug":"burglary","status":"publish","type":"page","link":"https:\/\/www.eastbaydefense.com\/es\/practice-areas\/burglary\/","title":{"rendered":"Burglary"},"content":{"rendered":"<p>El robo se define como cuando una persona ingresa a cualquier casa, vivienda, embarcaci\u00f3n u otra estructura con la intenci\u00f3n de cometer un robo o cualquier delito mayor en su interior. No es necesariamente un elemento del delito que una persona se rompa y entre. Simplemente entrar a un edificio con la intenci\u00f3n de cometer un delito mayor puede ser suficiente. Tampoco es necesario que una persona tenga la intenci\u00f3n de robar. No solo la intenci\u00f3n de cometer robo, sino la intenci\u00f3n de cometer un asalto grave, traficar drogas o cometer cualquier otro delito grave establece el robo. Debido a que el robo con allanamiento de morada siempre implica la intenci\u00f3n de cometer otro delito, un cargo de robo con allanamiento de morada suele ir acompa\u00f1ado de otros cargos penales.<\/p>\n<p>Se necesita un abogado calificado para determinar si los cargos por robo son realmente apropiados en un caso. Existen preguntas legales y de hecho tales como cu\u00e1l fue la intenci\u00f3n del acusado, cu\u00e1ndo form\u00f3 el acusado su intenci\u00f3n y si la estructura ingresada es una a la que se aplican las leyes de robo. A menudo, los fiscales de distrito cobran de m\u00e1s por robo cuando una persona es culpable de nada m\u00e1s que robo.<\/p>\n<p>El delito de robo con allanamiento de morada se divide en dos grados, robo con allanamiento de morada en primer grado o robo residencial y robo con allanamiento de morada en segundo grado. De los dos, el robo en primer grado es mucho m\u00e1s grave porque es un delito grave que no se puede reducir a un delito menor y es una huelga seg\u00fan la ley de California Three Strikes.<\/p>\n<p>En California tambi\u00e9n es un delito poseer &#8220;instrumentos o herramientas de robo&#8221;. Una herramienta de robo puede ser una buj\u00eda, una ganz\u00faa, una palanca o incluso un destornillador, una llave maestra u otra herramienta. La pregunta es si la persona lo posey\u00f3 con la intenci\u00f3n de romper y entrar, o lo hizo o lo alter\u00f3, sabiendo que estaba destinado a ser utilizado para cometer un crimen.<\/p>\n<p>Para una consulta gratuita sobre robos o cargos relacionados, por favor <a href=\"http:\/\/www.eastbaydefense.com\/contact-us\/\">contact<\/a> us a (510) 628-0596.<\/p>\n","protected":false},"excerpt":{"rendered":"<p>El robo se define como cuando una persona ingresa a cualquier casa, vivienda, embarcaci\u00f3n u otra estructura con la intenci\u00f3n de cometer un robo o cualquier delito mayor en su interior. No es necesariamente un elemento del delito que una persona se rompa y entre. Simplemente entrar a un edificio con la intenci\u00f3n de cometer [&hellip;]<\/p>\n","protected":false},"author":3,"featured_media":0,"parent":12,"menu_order":0,"comment_status":"closed","ping_status":"closed","template":"","meta":{"footnotes":""},"class_list":["post-80","page","type-page","status-publish","hentry"],"translation":{"provider":"WPGlobus","version":"3.0.2","language":"es","enabled_languages":["en","es"],"languages":{"en":{"title":true,"content":true,"excerpt":false},"es":{"title":true,"content":true,"excerpt":false}}},"yoast_head":"<!-- This site is optimized with the Yoast SEO plugin v27.5 - https:\/\/yoast.com\/product\/yoast-seo-wordpress\/ -->\n<title>Burglary - East Bay Defense<\/title>\n<meta name=\"robots\" content=\"index, follow, max-snippet:-1, max-image-preview:large, max-video-preview:-1\" \/>\n<link rel=\"canonical\" href=\"https:\/\/www.eastbaydefense.com\/practice-areas\/burglary\/\" \/>\n<meta property=\"og:locale\" content=\"es_ES\" \/>\n<meta property=\"og:type\" content=\"article\" \/>\n<meta property=\"og:title\" content=\"Burglary - East Bay Defense\" \/>\n<meta property=\"og:url\" content=\"https:\/\/www.eastbaydefense.com\/practice-areas\/burglary\/\" \/>\n<meta property=\"og:site_name\" content=\"East Bay Defense\" \/>\n<meta property=\"article:modified_time\" content=\"2021-02-20T18:11:21+00:00\" \/>\n<meta name=\"twitter:card\" content=\"summary_large_image\" \/>\n<meta name=\"twitter:label1\" content=\"Est. reading time\" \/>\n\t<meta name=\"twitter:data1\" content=\"3 minutes\" \/>\n<script type=\"application\/ld+json\" class=\"yoast-schema-graph\">{\"@context\":\"https:\\\/\\\/schema.org\",\"@graph\":[{\"@type\":\"WebPage\",\"@id\":\"https:\\\/\\\/www.eastbaydefense.com\\\/practice-areas\\\/burglary\\\/\",\"url\":\"https:\\\/\\\/www.eastbaydefense.com\\\/practice-areas\\\/burglary\\\/\",\"name\":\"Burglary - East Bay Defense\",\"isPartOf\":{\"@id\":\"https:\\\/\\\/www.eastbaydefense.com\\\/#website\"},\"datePublished\":\"2021-01-27T01:05:57+00:00\",\"dateModified\":\"2021-02-20T18:11:21+00:00\",\"description\":\"Burglary is defined as when a person enters any house, dwelling, vessel, or other structure with the intent to commit larceny or any felony inside. It is not necessarily an element of the offense that a person break and enter. Simply walking into a building with the intent to commit a felony can be enough. Read more...\",\"breadcrumb\":{\"@id\":\"https:\\\/\\\/www.eastbaydefense.com\\\/practice-areas\\\/burglary\\\/#breadcrumb\"},\"inLanguage\":\"es-ES\",\"potentialAction\":[{\"@type\":\"ReadAction\",\"target\":[\"https:\\\/\\\/www.eastbaydefense.com\\\/practice-areas\\\/burglary\\\/\"]}]},{\"@type\":\"BreadcrumbList\",\"@id\":\"https:\\\/\\\/www.eastbaydefense.com\\\/practice-areas\\\/burglary\\\/#breadcrumb\",\"itemListElement\":[{\"@type\":\"ListItem\",\"position\":1,\"name\":\"Home\",\"item\":\"https:\\\/\\\/www.eastbaydefense.com\\\/\"},{\"@type\":\"ListItem\",\"position\":2,\"name\":\"Practice Areas\",\"item\":\"https:\\\/\\\/www.eastbaydefense.com\\\/practice-areas\\\/\"},{\"@type\":\"ListItem\",\"position\":3,\"name\":\"Burglary\"}]},{\"@type\":\"WebSite\",\"@id\":\"https:\\\/\\\/www.eastbaydefense.com\\\/#website\",\"url\":\"https:\\\/\\\/www.eastbaydefense.com\\\/\",\"name\":\"East Bay Defense\",\"description\":\"\",\"potentialAction\":[{\"@type\":\"SearchAction\",\"target\":{\"@type\":\"EntryPoint\",\"urlTemplate\":\"https:\\\/\\\/www.eastbaydefense.com\\\/?s={search_term_string}\"},\"query-input\":{\"@type\":\"PropertyValueSpecification\",\"valueRequired\":true,\"valueName\":\"search_term_string\"}}],\"inLanguage\":\"es-ES\"}]}<\/script>\n<!-- \/ Yoast SEO plugin. -->","yoast_head_json":{"title":"Burglary - East Bay Defense","robots":{"index":"index","follow":"follow","max-snippet":"max-snippet:-1","max-image-preview":"max-image-preview:large","max-video-preview":"max-video-preview:-1"},"canonical":"https:\/\/www.eastbaydefense.com\/practice-areas\/burglary\/","og_locale":"es_ES","og_type":"article","og_title":"Burglary - East Bay Defense","og_url":"https:\/\/www.eastbaydefense.com\/practice-areas\/burglary\/","og_site_name":"East Bay Defense","article_modified_time":"2021-02-20T18:11:21+00:00","twitter_card":"summary_large_image","twitter_misc":{"Est. reading time":"3 minutes"},"schema":{"@context":"https:\/\/schema.org","@graph":[{"@type":"WebPage","@id":"https:\/\/www.eastbaydefense.com\/practice-areas\/burglary\/","url":"https:\/\/www.eastbaydefense.com\/practice-areas\/burglary\/","name":"Burglary - East Bay Defense","isPartOf":{"@id":"https:\/\/www.eastbaydefense.com\/#website"},"datePublished":"2021-01-27T01:05:57+00:00","dateModified":"2021-02-20T18:11:21+00:00","description":"Burglary is defined as when a person enters any house, dwelling, vessel, or other structure with the intent to commit larceny or any felony inside. It is not necessarily an element of the offense that a person break and enter. Simply walking into a building with the intent to commit a felony can be enough. Read more...","breadcrumb":{"@id":"https:\/\/www.eastbaydefense.com\/practice-areas\/burglary\/#breadcrumb"},"inLanguage":"es-ES","potentialAction":[{"@type":"ReadAction","target":["https:\/\/www.eastbaydefense.com\/practice-areas\/burglary\/"]}]},{"@type":"BreadcrumbList","@id":"https:\/\/www.eastbaydefense.com\/practice-areas\/burglary\/#breadcrumb","itemListElement":[{"@type":"ListItem","position":1,"name":"Home","item":"https:\/\/www.eastbaydefense.com\/"},{"@type":"ListItem","position":2,"name":"Practice Areas","item":"https:\/\/www.eastbaydefense.com\/practice-areas\/"},{"@type":"ListItem","position":3,"name":"Burglary"}]},{"@type":"WebSite","@id":"https:\/\/www.eastbaydefense.com\/#website","url":"https:\/\/www.eastbaydefense.com\/","name":"East Bay Defense","description":"","potentialAction":[{"@type":"SearchAction","target":{"@type":"EntryPoint","urlTemplate":"https:\/\/www.eastbaydefense.com\/?s={search_term_string}"},"query-input":{"@type":"PropertyValueSpecification","valueRequired":true,"valueName":"search_term_string"}}],"inLanguage":"es-ES"}]}},"_links":{"self":[{"href":"https:\/\/www.eastbaydefense.com\/es\/wp-json\/wp\/v2\/pages\/80","targetHints":{"allow":["GET"]}}],"collection":[{"href":"https:\/\/www.eastbaydefense.com\/es\/wp-json\/wp\/v2\/pages"}],"about":[{"href":"https:\/\/www.eastbaydefense.com\/es\/wp-json\/wp\/v2\/types\/page"}],"author":[{"embeddable":true,"href":"https:\/\/www.eastbaydefense.com\/es\/wp-json\/wp\/v2\/users\/3"}],"replies":[{"embeddable":true,"href":"https:\/\/www.eastbaydefense.com\/es\/wp-json\/wp\/v2\/comments?post=80"}],"version-history":[{"count":8,"href":"https:\/\/www.eastbaydefense.com\/es\/wp-json\/wp\/v2\/pages\/80\/revisions"}],"predecessor-version":[{"id":885,"href":"https:\/\/www.eastbaydefense.com\/es\/wp-json\/wp\/v2\/pages\/80\/revisions\/885"}],"up":[{"embeddable":true,"href":"https:\/\/www.eastbaydefense.com\/es\/wp-json\/wp\/v2\/pages\/12"}],"wp:attachment":[{"href":"https:\/\/www.eastbaydefense.com\/es\/wp-json\/wp\/v2\/media?parent=80"}],"curies":[{"name":"wp","href":"https:\/\/api.w.org\/{rel}","templated":true}]}}